{"id":207,"date":"2026-03-01T21:34:57","date_gmt":"2026-03-01T20:34:57","guid":{"rendered":"https:\/\/marie.tirard.net\/?page_id=207"},"modified":"2026-04-01T19:11:02","modified_gmt":"2026-04-01T17:11:02","slug":"about","status":"publish","type":"page","link":"https:\/\/marie.tirard.net\/?page_id=207","title":{"rendered":"Across all disciplines, my aim is to create experiences that resonate and transform perception. Inspired from disappearing knowledges, I practice collective listening."},"content":{"rendered":"\n<p><\/p>\n\n\n\n<p class=\"has-text-align-center\">My name is Marie Yevkin\u00e9 Tirard, I am an artist, composer, mediator and graphic designer. If you\u2019re interested to collaborate, have inquiries or just to want to say hi \u2014 please reach out!<\/p>\n\n\n\n<hr class=\"wp-block-separator has-alpha-channel-opacity is-style-wide\"\/>\n\n\n\n<h4 class=\"wp-block-heading\">Contact <\/h4>\n\n\n\n<p><a href=\"mailto:marie@tirard.net\">marie@tirard.net<\/a><\/p>\n\n\n\n<p><a href=\"https:\/\/www.instagram.com\/marie_aimer_art\/\" data-type=\"link\" data-id=\"https:\/\/www.instagram.com\/marie_aimer_art\/\">instagram<\/a><\/p>\n\n\n\n<hr class=\"wp-block-separator has-alpha-channel-opacity is-style-wide\"\/>\n\n\n\n<h4 class=\"wp-block-heading is-style-default\">Curriculum Vitae<\/h4>\n\n\n\n<details class=\"wp-block-details is-layout-flow wp-block-details-is-layout-flow\"><summary><strong>Mediation &amp; Design <\/strong><\/summary>\n<h2 class=\"wp-block-heading has-text-align-center\">Education<\/h2>\n\n\n\n<p>Design Academy of Eindhoven, <em>(writing in english, research, critical theory, decolonialist theory, design)<\/em>, high honours<\/p>\n\n\n\n<hr class=\"wp-block-separator has-alpha-channel-opacity is-style-wide\" style=\"margin-top:var(--wp--preset--spacing--10);margin-bottom:var(--wp--preset--spacing--10)\"\/>\n\n\n\n<p>Ecole Boulle, Master specialised in Mediation (<em>organization of cultural events, mediation strategies)<\/em>, high honours<\/p>\n\n\n\n<hr class=\"wp-block-separator has-alpha-channel-opacity is-style-wide\" style=\"margin-top:var(--wp--preset--spacing--10);margin-bottom:var(--wp--preset--spacing--10)\"\/>\n\n\n\n<p>Ecole Duperr\u00e9, <em>(history of art and design, philosophy of art and Design, graphic design, space design)<\/em><\/p>\n\n\n\n<hr class=\"wp-block-separator has-alpha-channel-opacity is-style-wide\" style=\"margin-top:var(--wp--preset--spacing--10);margin-bottom:var(--wp--preset--spacing--10)\"\/>\n\n\n\n<p><\/p>\n\n\n\n<h2 class=\"wp-block-heading has-text-align-center\">Experiences<\/h2>\n\n\n\n<p><strong>Mediator,<\/strong> Centre Pompidou (FR)<\/p>\n\n\n\n<hr class=\"wp-block-separator has-alpha-channel-opacity is-style-wide\" style=\"margin-top:var(--wp--preset--spacing--10);margin-bottom:var(--wp--preset--spacing--10)\"\/>\n\n\n\n<p><strong>Mediator and lecturer,<\/strong> Artora (FR) Lecturer in Art History and Music<\/p>\n\n\n\n<hr class=\"wp-block-separator has-alpha-channel-opacity is-style-wide\" style=\"margin-top:var(--wp--preset--spacing--10);margin-bottom:var(--wp--preset--spacing--10)\"\/>\n\n\n\n<p><strong>Creative workshops<\/strong> for cultural institutions <em>(workshop leader &amp; conceiver)<\/em><\/p>\n\n\n\n<hr class=\"wp-block-separator has-alpha-channel-opacity is-style-wide\" style=\"margin-top:var(--wp--preset--spacing--10);margin-bottom:var(--wp--preset--spacing--10)\"\/>\n\n\n\n<p><strong>Speaker<\/strong>, CTM Music Festival, Silent Green, Berlin (AM).<\/p>\n\n\n\n<hr class=\"wp-block-separator has-alpha-channel-opacity is-style-wide\" style=\"margin-top:var(--wp--preset--spacing--10);margin-bottom:var(--wp--preset--spacing--10)\"\/>\n\n\n\n<p><strong>Mediator and guide<\/strong>, Marianne International (Hangar Y, Vedettes de Paris).<\/p>\n\n\n\n<hr class=\"wp-block-separator has-alpha-channel-opacity is-style-wide\" style=\"margin-top:var(--wp--preset--spacing--10);margin-bottom:var(--wp--preset--spacing--10)\"\/>\n\n\n\n<p><strong>Graphic Designer<\/strong>, for Life Design Sonore<\/p>\n\n\n\n<hr class=\"wp-block-separator has-alpha-channel-opacity is-style-wide\" style=\"margin-top:var(--wp--preset--spacing--10);margin-bottom:var(--wp--preset--spacing--10)\"\/>\n\n\n\n<p><strong>Mediator-Designer,<\/strong> Kunst Meran, contemporary art center, <em>creation of tools and games for the visitors<\/em><\/p>\n\n\n\n<hr class=\"wp-block-separator has-alpha-channel-opacity is-style-wide\" style=\"margin-top:var(--wp--preset--spacing--10);margin-bottom:var(--wp--preset--spacing--10)\"\/>\n\n\n\n<p><strong>Mediator<\/strong>, Espace de l&#8217;Art Concret, contemporary art center, <em>guided tours with all kind of publics<\/em><\/p>\n\n\n\n<hr class=\"wp-block-separator has-alpha-channel-opacity is-style-wide\" style=\"margin-top:var(--wp--preset--spacing--10);margin-bottom:var(--wp--preset--spacing--10)\"\/>\n\n\n\n<p><strong>Creative Workshop<\/strong>, linocut workshop on feminist thematics <em>(workshop leader, organiser &amp; conceiver<\/em>)<\/p>\n\n\n\n<hr class=\"wp-block-separator has-alpha-channel-opacity is-style-wide\" style=\"margin-top:var(--wp--preset--spacing--10);margin-bottom:var(--wp--preset--spacing--10)\"\/>\n\n\n\n<p><strong>Exhibition design<\/strong>, with Olivier Vadrot and the Art Museum of Dole. <\/p>\n\n\n\n<p><\/p>\n\n\n\n<h2 class=\"wp-block-heading has-text-align-center\">Skills<\/h2>\n\n\n\n<p>Art History, Philosophy of Art, Art Criticism, Research. <\/p>\n\n\n\n<p><strong>Writing<\/strong> in French and English (narration, dialogues, creative or philosophical texts). <\/p>\n\n\n\n<p><strong>Graphic Design<\/strong>, layout, poster, logotype, <\/p>\n\n\n\n<p><strong>Sound design<\/strong><\/p>\n\n\n\n<p><strong>Video design<\/strong><\/p>\n\n\n\n<p><strong>Space design<\/strong>, exhibition design<\/p>\n\n\n\n<p><strong>Softwares <\/strong>(Illustrator, Photoshop, InDesign, Premiere Pro, Audition, Ableton Live, Obsidian, Word\u2026)<\/p>\n<\/details>\n\n\n\n<details class=\"wp-block-details is-layout-flow wp-block-details-is-layout-flow\"><summary><strong>Art <\/strong><\/summary>\n<h2 class=\"wp-block-heading has-text-align-center\">Distinctions, residencies<\/h2>\n\n\n\n<p><br>Awardee of Calouste Gulbenkian Fund In View, with Gohar Martirosyan<\/p>\n\n\n\n<hr class=\"wp-block-separator has-alpha-channel-opacity is-style-wide\" style=\"margin-top:var(--wp--preset--spacing--10);margin-bottom:var(--wp--preset--spacing--10)\"\/>\n\n\n\n<p><a href=\"https:\/\/www.lagenerale.fr\/fr\/projet\/arcane-voices-34037\" data-type=\"link\" data-id=\"https:\/\/www.lagenerale.fr\/fr\/projet\/arcane-voices-34037\">6 months residency at La Generale<\/a>, Paris<\/p>\n\n\n\n<hr class=\"wp-block-separator has-alpha-channel-opacity is-style-wide\" style=\"margin-top:var(--wp--preset--spacing--10);margin-bottom:var(--wp--preset--spacing--10)\"\/>\n\n\n\n<p><a href=\"https:\/\/www.ctm-festival.de\/festival-2025\/programme\/schedule\/event\/resynthesising-the-traditional\">CTM, \u201cResynthesising the Traditional\u201d<\/a> artistic laboratory, curated by Stas Sharifulla and Susie Ibarra<\/p>\n\n\n\n<hr class=\"wp-block-separator has-alpha-channel-opacity is-style-wide\" style=\"margin-top:var(--wp--preset--spacing--10);margin-bottom:var(--wp--preset--spacing--10)\"\/>\n\n\n\n<p><a href=\"https:\/\/www.artbasis.net\/en\/marie-yevkine-tirard-sonic-tapestry-improvisation-circles\">Residency, Studio 20<\/a>, Gyumri AiR (AM)<\/p>\n\n\n\n<h2 class=\"wp-block-heading has-text-align-center\">Events \u2022 2025<\/h2>\n\n\n\n<p>Concert in the exhibition \u201dPresque Demain\u201d, during the Design Week of Paris<\/p>\n\n\n\n<hr class=\"wp-block-separator has-alpha-channel-opacity is-style-wide\" style=\"margin-top:var(--wp--preset--spacing--10);margin-bottom:var(--wp--preset--spacing--10)\"\/>\n\n\n\n<p>Performance at La Generale, Paris.<\/p>\n\n\n\n<hr class=\"wp-block-separator has-alpha-channel-opacity is-style-wide\" style=\"margin-top:var(--wp--preset--spacing--10);margin-bottom:var(--wp--preset--spacing--10)\"\/>\n\n\n\n<p>Concert at BEK, Bergen, (NO) during the event <a href=\"https:\/\/bek.no\/en\/ears-to-the-ground-ecology-environment-and-sonic-media-technologies-beyond-eurocentric-models-2\/\">\u201cEars to the Ground\u201d<\/a>, curated by Budhaditya Chattopadhyay.<\/p>\n\n\n\n<hr class=\"wp-block-separator has-alpha-channel-opacity is-style-wide\" style=\"margin-top:var(--wp--preset--spacing--10);margin-bottom:var(--wp--preset--spacing--10)\"\/>\n\n\n\n<p>Listening Session, AHA collective, curated by Gascia Ouzounian.<\/p>\n\n\n\n<hr class=\"wp-block-separator has-alpha-channel-opacity is-style-wide\" style=\"margin-top:var(--wp--preset--spacing--10);margin-bottom:var(--wp--preset--spacing--10)\"\/>\n\n\n\n<p>Performance at HKW, Berlin, (DE) event <a href=\"https:\/\/www.hkw.de\/en\/programme\/events\/silenced-voices-unbroken-spirits\" data-type=\"link\" data-id=\"https:\/\/www.hkw.de\/en\/programme\/events\/silenced-voices-unbroken-spirits\">\u201cSilenced Voices, Unbroken Spirits, the Legacy of Armenian Women\u201d<\/a> curated by \u00c7i\u011fdem \u00c7a\u011flayan Kolain and Can Sungu.<\/p>\n\n\n\n<hr class=\"wp-block-separator has-alpha-channel-opacity is-style-wide\" style=\"margin-top:var(--wp--preset--spacing--10);margin-bottom:var(--wp--preset--spacing--10)\"\/>\n\n\n\n<p>Participative Sound Installation, Gyumri, (AM)<\/p>\n\n\n\n<hr class=\"wp-block-separator has-alpha-channel-opacity is-style-wide\" style=\"margin-top:var(--wp--preset--spacing--10);margin-bottom:var(--wp--preset--spacing--10)\"\/>\n\n\n\n<p>Lecture-Performance, Art Basis, Yerevan (AM)<\/p>\n\n\n\n<hr class=\"wp-block-separator has-alpha-channel-opacity is-style-wide\" style=\"margin-top:var(--wp--preset--spacing--10);margin-bottom:var(--wp--preset--spacing--10)\"\/>\n\n\n\n<h2 class=\"wp-block-heading has-text-align-center\">Events \u2022 2024<\/h2>\n\n\n\n<p>Performance, NOPA Festival, sound art festival, HayArt Erevan (AM) Poems &amp; Lullabies of the Post-Nostalgic.<\/p>\n\n\n\n<hr class=\"wp-block-separator has-alpha-channel-opacity is-style-wide\" style=\"margin-top:var(--wp--preset--spacing--10);margin-bottom:var(--wp--preset--spacing--10)\"\/>\n\n\n\n<p>Surrealistic Telegrams, Kunst Meran (IT)<\/p>\n\n\n\n<p>\u2026 and more<\/p>\n\n\n\n<h2 class=\"wp-block-heading has-text-align-center\">Education<\/h2>\n\n\n\n<p>Conservatory of Paris, electroacoustic composition, musical creation<\/p>\n\n\n\n<hr class=\"wp-block-separator has-alpha-channel-opacity is-style-wide\" style=\"margin-top:var(--wp--preset--spacing--10);margin-bottom:var(--wp--preset--spacing--10)\"\/>\n\n\n\n<p>Design Academy Eindhoven, (NL), Master The Critical Inquiry Lab, Cum Laude, Master of arts.<\/p>\n<\/details>\n\n\n\n<hr class=\"wp-block-separator has-alpha-channel-opacity is-style-wide\"\/>\n\n\n\n<p>Modal singing, with Aram and Virginia Kerovpyan<\/p>\n\n\n\n<hr class=\"wp-block-separator has-alpha-channel-opacity is-style-wide\"\/>\n\n\n\n<p>Experimental singing composition, with Elise Dabrowski and Celia Stroom<\/p>\n","protected":false},"excerpt":{"rendered":"<p>My name is Marie Yevkin\u00e9 Tirard, I am an artist, composer, mediator and graphic designer. If you\u2019re interested to collaborate, have inquiries or just to want to say hi \u2014 please reach out! Contact marie@tirard.net instagram Curriculum Vitae Modal singing, with Aram and Virginia Kerovpyan Experimental singing composition, with Elise Dabrowski and Celia Stroom<\/p>\n","protected":false},"author":1,"featured_media":0,"parent":0,"menu_order":0,"comment_status":"closed","ping_status":"closed","template":"","meta":{"footnotes":""},"class_list":["post-207","page","type-page","status-publish","hentry"],"_links":{"self":[{"href":"https:\/\/marie.tirard.net\/index.php?rest_route=\/wp\/v2\/pages\/207","targetHints":{"allow":["GET"]}}],"collection":[{"href":"https:\/\/marie.tirard.net\/index.php?rest_route=\/wp\/v2\/pages"}],"about":[{"href":"https:\/\/marie.tirard.net\/index.php?rest_route=\/wp\/v2\/types\/page"}],"author":[{"embeddable":true,"href":"https:\/\/marie.tirard.net\/index.php?rest_route=\/wp\/v2\/users\/1"}],"replies":[{"embeddable":true,"href":"https:\/\/marie.tirard.net\/index.php?rest_route=%2Fwp%2Fv2%2Fcomments&post=207"}],"version-history":[{"count":40,"href":"https:\/\/marie.tirard.net\/index.php?rest_route=\/wp\/v2\/pages\/207\/revisions"}],"predecessor-version":[{"id":554,"href":"https:\/\/marie.tirard.net\/index.php?rest_route=\/wp\/v2\/pages\/207\/revisions\/554"}],"wp:attachment":[{"href":"https:\/\/marie.tirard.net\/index.php?rest_route=%2Fwp%2Fv2%2Fmedia&parent=207"}],"curies":[{"name":"wp","href":"https:\/\/api.w.org\/{rel}","templated":true}]}}